{"id":1119,"date":"2022-03-27T13:59:00","date_gmt":"2022-03-27T11:59:00","guid":{"rendered":"https:\/\/europacaffe.com\/?post_type=product&#038;p=1119"},"modified":"2026-01-28T12:55:04","modified_gmt":"2026-01-28T10:55:04","slug":"europa-caffe-100-arabica","status":"publish","type":"product","link":"https:\/\/europacaffe.com\/?product=europa-caffe-100-arabica","title":{"rendered":"EUROPA CAFFE \u00ae CLASSICO 1 kg"},"content":{"rendered":"","protected":false},"excerpt":{"rendered":"<p>P\u00ebrzierje kafesh kok\u00ebrr t\u00eb pjekura. EUROPA CAFFE \u00ebsht\u00eb nj\u00eb p\u00ebrzierje e p\u00ebrsosur kafesh 100% Arabica, kok\u00ebrr t\u00eb pjekura shum\u00eb cil\u00ebsore. Nj\u00eb kafe me arom\u00eb t\u00eb shk\u00eblqyer dhe t\u00eb rafinuar ku ndihet gjithashtu shija e frutave dhe agrumeve. Ka shije t\u00eb q\u00ebndrueshme q\u00eb karakterizohet nga nj\u00eb aciditet natyral dhe i k\u00ebndsh\u00ebm. Produkti i destinuar p\u00ebr kafe ekspres.<\/p>\n","protected":false},"featured_media":1310,"comment_status":"open","ping_status":"closed","template":"","meta":{"om_disable_all_campaigns":false,"_mi_skip_tracking":false},"product_cat":[127],"product_tag":[],"class_list":{"0":"post-1119","1":"product","2":"type-product","3":"status-publish","6":"product_cat-caffe","8":"first","9":"instock","10":"shipping-taxable","11":"purchasable","12":"product-type-simple"},"aioseo_notices":[],"_links":{"self":[{"href":"https:\/\/europacaffe.com\/index.php?rest_route=\/wp\/v2\/product\/1119","targetHints":{"allow":["GET"]}}],"collection":[{"href":"https:\/\/europacaffe.com\/index.php?rest_route=\/wp\/v2\/product"}],"about":[{"href":"https:\/\/europacaffe.com\/index.php?rest_route=\/wp\/v2\/types\/product"}],"replies":[{"embeddable":true,"href":"https:\/\/europacaffe.com\/index.php?rest_route=%2Fwp%2Fv2%2Fcomments&post=1119"}],"wp:featuredmedia":[{"embeddable":true,"href":"https:\/\/europacaffe.com\/index.php?rest_route=\/wp\/v2\/media\/1310"}],"wp:attachment":[{"href":"https:\/\/europacaffe.com\/index.php?rest_route=%2Fwp%2Fv2%2Fmedia&parent=1119"}],"wp:term":[{"taxonomy":"product_cat","embeddable":true,"href":"https:\/\/europacaffe.com\/index.php?rest_route=%2Fwp%2Fv2%2Fproduct_cat&post=1119"},{"taxonomy":"product_tag","embeddable":true,"href":"https:\/\/europacaffe.com\/index.php?rest_route=%2Fwp%2Fv2%2Fproduct_tag&post=1119"}],"curies":[{"name":"wp","href":"https:\/\/api.w.org\/{rel}","templated":true}]}}