{"id":1279,"date":"2023-02-20T22:38:55","date_gmt":"2023-02-20T20:38:55","guid":{"rendered":"https:\/\/europacaffe.com\/?post_type=product&#038;p=1279"},"modified":"2026-01-28T13:01:02","modified_gmt":"2026-01-28T11:01:02","slug":"grimac-espresso-red","status":"publish","type":"product","link":"https:\/\/europacaffe.com\/?product=grimac-espresso-red","title":{"rendered":"Grimac Espresso Red"},"content":{"rendered":"<p>KARAKTERISTIKAT KRYESORE<\/p>\n<p>\u2022 Shk\u00ebmbyes nxeht\u00ebsie alumini me q\u00ebndrueshm\u00ebri t\u00eb shk\u00eblqyer termike p\u00ebr nxjerrjen e kafes\u00eb<br \/>\n\u2022 Thithja e fuqis\u00eb prej vet\u00ebm 450 W me termostat pune prej 98 \u00b0C<br \/>\n\u2022 Valvula solenoid 3-kah\u00ebshe hyr\u00ebse\/dal\u00ebse<br \/>\n\u2022 Mbyllja vertikale e grupit p\u00ebr t&#8217;i dh\u00ebn\u00eb makin\u00ebs m\u00eb shum\u00eb q\u00ebndrueshm\u00ebri n\u00eb mbylljen e grupit<br \/>\n\u2022 Kompensues i patentuar, i vendosur n\u00eb pjes\u00ebn e poshtme t\u00eb grupit, i cili lejon nj\u00eb mbyllje pa mundim me presion t\u00eb vazhduesh\u00ebm me kalimin e koh\u00ebs<br \/>\n\u2022 Parainfuzion<br \/>\n\u2022 Nuk rrjedh uj\u00eb nga filtri: kjo do t\u00eb thot\u00eb se nuk ka depozita papast\u00ebrtie n\u00eb an\u00ebn e poshtme (problem q\u00eb vazhdon n\u00eb sistemet tradicionale)<br \/>\n\u2022 Nuk ka rregullim grupi, kompensuesi n\u00eb \u00e7do p\u00ebrdorim p\u00ebrshtatet me shtypjen e guarnicionit q\u00eb ndodh \u00e7do her\u00eb, me kursime pasuese n\u00eb pjes\u00ebt e k\u00ebmbimit<br \/>\n\u2022 Nxjerrja uniforme e kafes\u00eb p\u00ebr shkak t\u00eb stabilizimit t\u00eb presionit t\u00eb pun\u00ebs<br \/>\n\u2022 Qasje e leht\u00eb n\u00eb grup p\u00ebr q\u00ebllime mir\u00ebmbajtjeje p\u00ebrmes kapakut t\u00eb sip\u00ebrm, i cili fiksohet vet\u00ebm me dy vida<br \/>\n\u2022 Nj\u00ebsi spirale me trajtim t\u00eb ve\u00e7ant\u00eb GHA q\u00eb frenon shkall\u00ebt g\u00eblqerore<\/p>\n<p>AKSESOR\u00cb DHE OPTIONAL<\/p>\n<p>\u2022 Grupi i plot\u00eb i kafes\u00eb me trajtim t\u00eb ve\u00e7ant\u00eb GHA (vet\u00ebm versioni i pods)<br \/>\n\u2022 Grupi i mbylljes prej tunxhi\/alumini (vet\u00ebm versioni i pod)<br \/>\n\u2022 Ngroh\u00ebs i pavarur i filxhanit<\/p>\n","protected":false},"excerpt":{"rendered":"<p>KARAKTERISTIKAT KRYESORE \u2022 Shk\u00ebmbyes nxeht\u00ebsie alumini me q\u00ebndrueshm\u00ebri t\u00eb shk\u00eblqyer termike p\u00ebr nxjerrjen e kafes\u00eb \u2022 Thithja e fuqis\u00eb prej vet\u00ebm 450 W me termostat pune prej 98 \u00b0C \u2022<\/p>\n","protected":false},"featured_media":1280,"comment_status":"open","ping_status":"closed","template":"","meta":{"om_disable_all_campaigns":false,"_mi_skip_tracking":false},"product_cat":[74],"product_tag":[],"class_list":{"0":"post-1279","1":"product","2":"type-product","3":"status-publish","6":"product_cat-espresso-machine","8":"first","9":"instock","10":"shipping-taxable","11":"purchasable","12":"product-type-simple"},"aioseo_notices":[],"_links":{"self":[{"href":"https:\/\/europacaffe.com\/index.php?rest_route=\/wp\/v2\/product\/1279","targetHints":{"allow":["GET"]}}],"collection":[{"href":"https:\/\/europacaffe.com\/index.php?rest_route=\/wp\/v2\/product"}],"about":[{"href":"https:\/\/europacaffe.com\/index.php?rest_route=\/wp\/v2\/types\/product"}],"replies":[{"embeddable":true,"href":"https:\/\/europacaffe.com\/index.php?rest_route=%2Fwp%2Fv2%2Fcomments&post=1279"}],"wp:featuredmedia":[{"embeddable":true,"href":"https:\/\/europacaffe.com\/index.php?rest_route=\/wp\/v2\/media\/1280"}],"wp:attachment":[{"href":"https:\/\/europacaffe.com\/index.php?rest_route=%2Fwp%2Fv2%2Fmedia&parent=1279"}],"wp:term":[{"taxonomy":"product_cat","embeddable":true,"href":"https:\/\/europacaffe.com\/index.php?rest_route=%2Fwp%2Fv2%2Fproduct_cat&post=1279"},{"taxonomy":"product_tag","embeddable":true,"href":"https:\/\/europacaffe.com\/index.php?rest_route=%2Fwp%2Fv2%2Fproduct_tag&post=1279"}],"curies":[{"name":"wp","href":"https:\/\/api.w.org\/{rel}","templated":true}]}}