{"id":1283,"date":"2023-02-20T22:42:14","date_gmt":"2023-02-20T20:42:14","guid":{"rendered":"https:\/\/europacaffe.com\/?post_type=product&#038;p=1283"},"modified":"2026-01-28T13:00:35","modified_gmt":"2026-01-28T11:00:35","slug":"grimac-opale-espresso","status":"publish","type":"product","link":"https:\/\/europacaffe.com\/?product=grimac-opale-espresso","title":{"rendered":"Grimac Opale Espresso"},"content":{"rendered":"<p>KARAKTERISTIKAT KRYESORE<\/p>\n<p>\u2022 Aparat kafeje Pods<br \/>\n\u2022 Kompensues<br \/>\n\u2022 Kaldaj\u00eb inox p\u00ebr uj\u00eb t\u00eb nxeht\u00eb dhe avull<br \/>\n\u2022 Pomp\u00eb vibrimi<br \/>\n\u2022 Shk\u00ebmbyes nxeht\u00ebsie GHA Niploy p\u00ebr kafe<br \/>\n\u2022 Shk\u00ebmbyesi i nxeht\u00ebsis\u00eb GHA Niploy p\u00ebr avull (vet\u00ebm versioni i avullit)<br \/>\n\u2022 Ndezja\/fikja e makin\u00ebs LED<br \/>\n\u2022 Ndez\/fikur ngroh\u00ebsin e kafes\u00eb led<br \/>\n\u2022 Led ndez\u00ebs\/fikje i ngroh\u00ebsit me avull (vet\u00ebm versioni me avull)<br \/>\n\u2022 Termostat sigurie p\u00ebr kafe dhe avull<br \/>\n\u2022 Trupi \u00e7eliku\/ ABS p\u00ebrpara<br \/>\n\u2022 Shkop me avull i k\u00ebmbyesh\u00ebm me prodhues kapu\u00e7ino (versioni Vapor\/Capp)<\/p>\n<p>AKSESOR\u00cb DHE OPTIONAL<\/p>\n<p>\u2022 Sistemi i dozimit me koh\u00eb<br \/>\n\u2022 Sistemi i kreditimit<\/p>\n","protected":false},"excerpt":{"rendered":"<p>KARAKTERISTIKAT KRYESORE \u2022 Aparat kafeje Pods \u2022 Kompensues \u2022 Kaldaj\u00eb inox p\u00ebr uj\u00eb t\u00eb nxeht\u00eb dhe avull \u2022 Pomp\u00eb vibrimi \u2022 Shk\u00ebmbyes nxeht\u00ebsie GHA Niploy p\u00ebr kafe \u2022 Shk\u00ebmbyesi i<\/p>\n","protected":false},"featured_media":1285,"comment_status":"open","ping_status":"closed","template":"","meta":{"om_disable_all_campaigns":false,"_mi_skip_tracking":false},"product_cat":[74],"product_tag":[],"class_list":{"0":"post-1283","1":"product","2":"type-product","3":"status-publish","6":"product_cat-espresso-machine","8":"first","9":"instock","10":"shipping-taxable","11":"purchasable","12":"product-type-simple"},"aioseo_notices":[],"_links":{"self":[{"href":"https:\/\/europacaffe.com\/index.php?rest_route=\/wp\/v2\/product\/1283","targetHints":{"allow":["GET"]}}],"collection":[{"href":"https:\/\/europacaffe.com\/index.php?rest_route=\/wp\/v2\/product"}],"about":[{"href":"https:\/\/europacaffe.com\/index.php?rest_route=\/wp\/v2\/types\/product"}],"replies":[{"embeddable":true,"href":"https:\/\/europacaffe.com\/index.php?rest_route=%2Fwp%2Fv2%2Fcomments&post=1283"}],"wp:featuredmedia":[{"embeddable":true,"href":"https:\/\/europacaffe.com\/index.php?rest_route=\/wp\/v2\/media\/1285"}],"wp:attachment":[{"href":"https:\/\/europacaffe.com\/index.php?rest_route=%2Fwp%2Fv2%2Fmedia&parent=1283"}],"wp:term":[{"taxonomy":"product_cat","embeddable":true,"href":"https:\/\/europacaffe.com\/index.php?rest_route=%2Fwp%2Fv2%2Fproduct_cat&post=1283"},{"taxonomy":"product_tag","embeddable":true,"href":"https:\/\/europacaffe.com\/index.php?rest_route=%2Fwp%2Fv2%2Fproduct_tag&post=1283"}],"curies":[{"name":"wp","href":"https:\/\/api.w.org\/{rel}","templated":true}]}}